{"id":73,"date":"2022-10-14T14:11:56","date_gmt":"2022-10-14T12:11:56","guid":{"rendered":"https:\/\/btssio2023.edta-sornas.com\/Wordpress\/Jordy\/?page_id=73"},"modified":"2022-12-04T18:01:13","modified_gmt":"2022-12-04T17:01:13","slug":"mentions-legales","status":"publish","type":"page","link":"https:\/\/btssio2023.edta-sornas.com\/Wordpress\/Jordy\/mentions-legales\/","title":{"rendered":"Mentions l\u00e9gales"},"content":{"rendered":"\t\t<div data-elementor-type=\"wp-page\" data-elementor-id=\"73\" class=\"elementor elementor-73\">\n\t\t\t\t\t\t\t\t\t<section class=\"elementor-section elementor-top-section elementor-element elementor-element-e258550 elementor-section-boxed elementor-section-height-default elementor-section-height-default\" data-id=\"e258550\" data-element_type=\"section\">\n\t\t\t\t\t\t<div class=\"elementor-container elementor-column-gap-default\">\n\t\t\t\t\t<div class=\"elementor-column elementor-col-100 elementor-top-column elementor-element elementor-element-ba7a875\" data-id=\"ba7a875\" data-element_type=\"column\">\n\t\t\t<div class=\"elementor-widget-wrap elementor-element-populated\">\n\t\t\t\t\t\t\t\t<div class=\"elementor-element elementor-element-3fc37e3 elementor-widget elementor-widget-heading\" data-id=\"3fc37e3\" data-element_type=\"widget\" data-widget_type=\"heading.default\">\n\t\t\t\t<div class=\"elementor-widget-container\">\n\t\t\t<style>\/*! elementor - v3.8.0 - 30-10-2022 *\/\n.elementor-heading-title{padding:0;margin:0;line-height:1}.elementor-widget-heading .elementor-heading-title[class*=elementor-size-]>a{color:inherit;font-size:inherit;line-height:inherit}.elementor-widget-heading .elementor-heading-title.elementor-size-small{font-size:15px}.elementor-widget-heading .elementor-heading-title.elementor-size-medium{font-size:19px}.elementor-widget-heading .elementor-heading-title.elementor-size-large{font-size:29px}.elementor-widget-heading .elementor-heading-title.elementor-size-xl{font-size:39px}.elementor-widget-heading .elementor-heading-title.elementor-size-xxl{font-size:59px}<\/style><h2 class=\"elementor-heading-title elementor-size-default\">Mentions l\u00e9gales<\/h2>\t\t<\/div>\n\t\t\t\t<\/div>\n\t\t\t\t<div class=\"elementor-element elementor-element-e3daf3d elementor-widget elementor-widget-text-editor\" data-id=\"e3daf3d\" data-element_type=\"widget\" data-widget_type=\"text-editor.default\">\n\t\t\t\t<div class=\"elementor-widget-container\">\n\t\t\t<style>\/*! elementor - v3.8.0 - 30-10-2022 *\/\n.elementor-widget-text-editor.elementor-drop-cap-view-stacked .elementor-drop-cap{background-color:#818a91;color:#fff}.elementor-widget-text-editor.elementor-drop-cap-view-framed .elementor-drop-cap{color:#818a91;border:3px solid;background-color:transparent}.elementor-widget-text-editor:not(.elementor-drop-cap-view-default) .elementor-drop-cap{margin-top:8px}.elementor-widget-text-editor:not(.elementor-drop-cap-view-default) .elementor-drop-cap-letter{width:1em;height:1em}.elementor-widget-text-editor .elementor-drop-cap{float:left;text-align:center;line-height:1;font-size:50px}.elementor-widget-text-editor .elementor-drop-cap-letter{display:inline-block}<\/style>\t\t\t\t<p>ETGE\u00a0<br \/>Si\u00e8ge social : 30 AV DUMOTEL 94230 CACHAN<br \/>T\u00e9l : 06 14 97 24 47<br \/>Email : etge.travaux@gmail.com<\/p><p>Soci\u00e9t\u00e9 \u00e0 responsabilit\u00e9 limit\u00e9 (SARL)<\/p><p>Num\u00e9ro de SIRET : 81223164500019<\/p><p>RCS : Creteil B 812\u00a0231\u00a0645<\/p><p>TVA intracommunautaire : FR45812231645<\/p><p>Directeur de publication : Malik Fourar Laidi<\/p><p>H\u00e9bergeur : Ionos SARL<br \/>Site h\u00e9berg\u00e9 chez www.ionos.fr<\/p><p>\u00a0<\/p><p>1&amp;1 IONOS SARL<br \/>SARL au capital de 100 000 EUR<br \/>RCS Sarreguemines B 431 303 775<br \/>SIRET 431 303 775 000 16<br \/>Code APE : 6201Z<br \/>Identification intracommunautaire\u00a0: FR 13 431303775<br \/>Si\u00e8ge social : 1&amp;1 IONOS SARL<br \/>7, place de la Gare<br \/>BP 70109<br \/>57201 Sarreguemines Cedex<\/p>\t\t\t\t\t\t<\/div>\n\t\t\t\t<\/div>\n\t\t\t\t\t<\/div>\n\t\t<\/div>\n\t\t\t\t\t\t\t<\/div>\n\t\t<\/section>\n\t\t\t\t\t\t\t<\/div>\n\t\t","protected":false},"excerpt":{"rendered":"<p>Mentions l\u00e9gales ETGE\u00a0Si\u00e8ge social : 30 AV DUMOTEL 94230 CACHANT\u00e9l : 06 14 97 24 47Email : etge.travaux@gmail.com Soci\u00e9t\u00e9 \u00e0 responsabilit\u00e9 limit\u00e9 (SARL) Num\u00e9ro de SIRET : 81223164500019 RCS : Creteil B 812\u00a0231\u00a0645 TVA intracommunautaire : FR45812231645 Directeur de publication : Malik Fourar Laidi H\u00e9bergeur : Ionos SARLSite h\u00e9berg\u00e9 chez www.ionos.fr \u00a0 1&amp;1 IONOS SARLSARL [&hellip;]<\/p>\n","protected":false},"author":2,"featured_media":0,"parent":0,"menu_order":0,"comment_status":"closed","ping_status":"closed","template":"","meta":{"footnotes":""},"class_list":["post-73","page","type-page","status-publish","hentry"],"_links":{"self":[{"href":"https:\/\/btssio2023.edta-sornas.com\/Wordpress\/Jordy\/wp-json\/wp\/v2\/pages\/73","targetHints":{"allow":["GET"]}}],"collection":[{"href":"https:\/\/btssio2023.edta-sornas.com\/Wordpress\/Jordy\/wp-json\/wp\/v2\/pages"}],"about":[{"href":"https:\/\/btssio2023.edta-sornas.com\/Wordpress\/Jordy\/wp-json\/wp\/v2\/types\/page"}],"author":[{"embeddable":true,"href":"https:\/\/btssio2023.edta-sornas.com\/Wordpress\/Jordy\/wp-json\/wp\/v2\/users\/2"}],"replies":[{"embeddable":true,"href":"https:\/\/btssio2023.edta-sornas.com\/Wordpress\/Jordy\/wp-json\/wp\/v2\/comments?post=73"}],"version-history":[{"count":13,"href":"https:\/\/btssio2023.edta-sornas.com\/Wordpress\/Jordy\/wp-json\/wp\/v2\/pages\/73\/revisions"}],"predecessor-version":[{"id":530,"href":"https:\/\/btssio2023.edta-sornas.com\/Wordpress\/Jordy\/wp-json\/wp\/v2\/pages\/73\/revisions\/530"}],"wp:attachment":[{"href":"https:\/\/btssio2023.edta-sornas.com\/Wordpress\/Jordy\/wp-json\/wp\/v2\/media?parent=73"}],"curies":[{"name":"wp","href":"https:\/\/api.w.org\/{rel}","templated":true}]}}