{"id":75,"date":"2022-10-14T14:12:10","date_gmt":"2022-10-14T12:12:10","guid":{"rendered":"https:\/\/btssio2023.edta-sornas.com\/Wordpress\/Jordy\/?page_id=75"},"modified":"2022-12-13T13:38:26","modified_gmt":"2022-12-13T12:38:26","slug":"politique-de-confidentialite-2","status":"publish","type":"page","link":"https:\/\/btssio2023.edta-sornas.com\/Wordpress\/Jordy\/politique-de-confidentialite-2\/","title":{"rendered":"Politique de confidentialit\u00e9"},"content":{"rendered":"\t\t<div data-elementor-type=\"wp-page\" data-elementor-id=\"75\" class=\"elementor elementor-75\">\n\t\t\t\t\t\t\t\t\t<section class=\"elementor-section elementor-top-section elementor-element elementor-element-396917d elementor-section-boxed elementor-section-height-default elementor-section-height-default\" data-id=\"396917d\" data-element_type=\"section\">\n\t\t\t\t\t\t<div class=\"elementor-container elementor-column-gap-default\">\n\t\t\t\t\t<div class=\"elementor-column elementor-col-100 elementor-top-column elementor-element elementor-element-2593ad5\" data-id=\"2593ad5\" data-element_type=\"column\">\n\t\t\t<div class=\"elementor-widget-wrap elementor-element-populated\">\n\t\t\t\t\t\t\t\t<div class=\"elementor-element elementor-element-fc2c6fc elementor-widget elementor-widget-text-editor\" data-id=\"fc2c6fc\" data-element_type=\"widget\" data-widget_type=\"text-editor.default\">\n\t\t\t\t<div class=\"elementor-widget-container\">\n\t\t\t<style>\/*! elementor - v3.8.0 - 30-10-2022 *\/\n.elementor-widget-text-editor.elementor-drop-cap-view-stacked .elementor-drop-cap{background-color:#818a91;color:#fff}.elementor-widget-text-editor.elementor-drop-cap-view-framed .elementor-drop-cap{color:#818a91;border:3px solid;background-color:transparent}.elementor-widget-text-editor:not(.elementor-drop-cap-view-default) .elementor-drop-cap{margin-top:8px}.elementor-widget-text-editor:not(.elementor-drop-cap-view-default) .elementor-drop-cap-letter{width:1em;height:1em}.elementor-widget-text-editor .elementor-drop-cap{float:left;text-align:center;line-height:1;font-size:50px}.elementor-widget-text-editor .elementor-drop-cap-letter{display:inline-block}<\/style>\t\t\t\t<div class=\"elementor elementor-626\" data-elementor-type=\"wp-page\" data-elementor-id=\"626\">\n<section class=\"elementor-section elementor-top-section elementor-element elementor-element-5a1ffb5 elementor-section-boxed elementor-section-height-default elementor-section-height-default\" data-id=\"5a1ffb5\" data-element_type=\"section\">\n<div class=\"elementor-container elementor-column-gap-default\">\n<div class=\"elementor-column elementor-col-100 elementor-top-column elementor-element elementor-element-8f3cd71\" data-id=\"8f3cd71\" data-element_type=\"column\">\n<div class=\"elementor-widget-wrap elementor-element-populated\">\n<div class=\"elementor-element elementor-element-593de51 elementor-widget elementor-widget-text-editor\" data-id=\"593de51\" data-element_type=\"widget\" data-widget_type=\"text-editor.default\">\n<div class=\"elementor-widget-container\">\n<p><b>DONN\u00c9ES PERSONNELLES COLLECT\u00c9ES<\/b><\/p>\n<p>Deux types de donn\u00e9es \u00e0 caract\u00e8re personnel sont collect\u00e9s sur le site <a href=\"https:\/\/etge-climatisation\">h<\/a><a href=\"https:\/\/etge-climatisation.fr\">ttps:\/\/etge-climatisation.fr<\/a><\/p>\n<p>\u2013 Donn\u00e9es saisies et envoy\u00e9es via les formulaires.<\/p>\n<p>\u2013 Donn\u00e9es collect\u00e9es par l\u2019outil de mesure d\u2019audience Google Analytics.<\/p>\n<p>De mani\u00e8re g\u00e9n\u00e9rale, vous n\u2019\u00eates pas tenu de nous communiquer vos donn\u00e9es personnelles lorsque vous visitez notre site Internet <a href=\"https:\/\/etge-climatisation.fr\">https:\/\/etge-climatisation.fr<\/a> . Cependant, ce principe comporte une exception. En effet, pour certains services propos\u00e9s par notre soci\u00e9t\u00e9, vous pouvez \u00eatre amen\u00e9s \u00e0 nous communiquer certaines donn\u00e9es telles que : votre nom, votre fonction, le nom de votre organisme, votre adresse \u00e9lectronique, et votre num\u00e9ro de t\u00e9l\u00e9phone. Tel est le cas lorsque vous remplissez le formulaire qui vous est propos\u00e9 en ligne, dans la rubrique \u00ab Contactez-nous \u00bb.\u00a0<\/p>\n<p><b>DUR\u00c9E DE CONSERVATIONS DES DONN\u00c9ES PERSONNELLES<\/b><\/p>\n<p>Les donn\u00e9es collect\u00e9es via le formulaire sont conserv\u00e9es pendant une dur\u00e9e d\u2019un an \u00e0 compter de l\u2019envoi du formulaire.<\/p>\n<p>Les cookies utilis\u00e9s par l\u2019outil de mesure d\u2019audience Google Analytics ont les dur\u00e9es de vie suivantes :<\/p>\n<p>. ga : 2 ans<\/p>\n<p>. gid : 24 heures<\/p>\n<p>. gat : 1 minute<\/p>\n<p><b>DROIT \u00c0 L\u2019OUBLI ET EFFACEMENT DE VOS DONN\u00c9ES PERSONNELLES<\/b><\/p>\n<p>Conform\u00e9ment aux dispositions des articles 38 et suivants de la loi 78-17 du 6 janvier 1978 relative \u00e0 l\u2019informatique, aux fichiers et aux libert\u00e9s, ainsi qu\u2019\u00e0 la loi RGPD, tout utilisateur dispose d\u2019un droit d\u2019acc\u00e8s, de rectification, de suppression et d\u2019opposition aux donn\u00e9es personnelles le concernant. Pour l\u2019exercer, adressez votre demande \u00e0 l\u2019adresse e-mail suivante : m.fourar@etge-climatisation.fr<\/p>\n<p><b>COOKIES<\/b><\/p>\n<p>Le site <a href=\"https:\/\/etge-climatisation.fr\">https:\/\/etge-climatisation.fr<\/a> peut \u00eatre amen\u00e9 \u00e0 vous demander l\u2019acceptation des cookies pour des besoins de statistiques et d\u2019affichage. Un cookie est une information d\u00e9pos\u00e9e sur votre disque dur par le serveur du site que vous visitez. Il contient plusieurs donn\u00e9es qui sont stock\u00e9es sur votre ordinateur dans un simple fichier texte auquel un serveur acc\u00e8de pour lire et enregistrer des informations. Certaines parties de ce site ne peuvent \u00eatre fonctionnelles sans l\u2019acceptation de cookies.\u00a0<\/p>\n<p>Les utilisateurs, les abonn\u00e9s et les visiteurs du site internet ETGE de ne peuvent mettre en place un hyperlien en direction de leur site, sans l\u2019autorisation expresse et pr\u00e9alable d\u2019ETGE.<\/p>\n<p>ETGE s\u2019efforce de fournir sur le site <a href=\"https:\/\/etge-climatisation\">https:\/\/etge-climatisation<\/a>.fr des informations aussi pr\u00e9cises que possible. Les renseignements figurant sur le site <a href=\"https:\/\/etge-climatisation\">https:\/\/etge-climatisation<\/a>.fr ne sont pas exhaustifs et les photos non contractuelles. Ils sont donn\u00e9s sous r\u00e9serve de modifications ayant \u00e9t\u00e9 apport\u00e9es depuis leur mise en ligne. Par ailleurs, tous les informations indiqu\u00e9es sur le site <a href=\"https:\/\/etge-climatisation\">https:\/\/etge-climatisation<\/a>.fr sont donn\u00e9es \u00e0 titre indicatif, et sont susceptibles de changer ou d\u2019\u00e9voluer sans pr\u00e9avis.<\/p>\n<p><b>CONTENU EMBARQU\u00c9 DEPUIS D\u2019AUTRES SITES<\/b><\/p>\n<p>Les articles de ce site peuvent inclure des contenus int\u00e9gr\u00e9s (par exemple des vid\u00e9os, images, articles\u2026). Le contenu int\u00e9gr\u00e9 depuis d\u2019autres sites se comporte de la m\u00eame mani\u00e8re que si le visiteur se rendait sur cet autre site.<\/p>\n<p>Ces sites web pourraient collecter des donn\u00e9es sur vous, utiliser des cookies, embarquer des outils de suivis tiers, suivre vos interactions avec ces contenus embarqu\u00e9s si vous disposez d\u2019un compte connect\u00e9 sur leur site web.<\/p>\n<p><b>DUR\u00c9ES DE STOCKAGE DE VOS DONN\u00c9ES<\/b><\/p>\n<p>Les donn\u00e9es personnelles d\u2019un visiteur sur le site sont effac\u00e9es ou d\u00e9sactiv\u00e9es d\u00e8s que la finalit\u00e9 pour laquelle les donn\u00e9es ont \u00e9t\u00e9 enregistr\u00e9es devient caduque. En outre, le stockage peut avoir lieu si cela a \u00e9t\u00e9 stipul\u00e9 par les l\u00e9gislateurs europ\u00e9ens ou nationaux dans des ordonnances, lois ou autres r\u00e8glements conform\u00e9ment au droit de l\u2019Union europ\u00e9enne auxquels le responsable est soumis. La d\u00e9sactivation ou la suppression des donn\u00e9es est \u00e9galement effectu\u00e9e si une p\u00e9riode de conservation prescrite par les normes cit\u00e9es expire, \u00e0 moins qu\u2019il ne soit n\u00e9cessaire de conserver les donn\u00e9es pour la conclusion ou l\u2019ex\u00e9cution d\u2019un contrat.<\/p>\n<p><b>PROPRI\u00c9T\u00c9 INTELLECTUELLE<\/b><\/p>\n<p>Tout le contenu pr\u00e9sent sur le site <a href=\"https:\/\/etge-climatisation.fr\">https:\/\/etge-climatisation.fr<\/a>, incluant, de fa\u00e7on non limitative, les graphismes, images, textes, vid\u00e9os, animations, sons, logos, gifs et ic\u00f4nes ainsi que leur mise en forme sont la propri\u00e9t\u00e9 exclusive de la soci\u00e9t\u00e9 \u00e0 l\u2019exception des marques, logos ou contenus appartenant \u00e0 d\u2019autres soci\u00e9t\u00e9s partenaires ou auteurs. Toute reproduction, distribution, modification, adaptation, retransmission ou publication, m\u00eame partielle, de ces diff\u00e9rents \u00e9l\u00e9ments est strictement interdite sans l\u2019accord expr\u00e8s par \u00e9crit du ETGE. Cette repr\u00e9sentation ou reproduction, par quelque proc\u00e9d\u00e9 que ce soit, constitue une contrefa\u00e7on sanctionn\u00e9e par les articles L.335-2 et suivants du Code de la propri\u00e9t\u00e9 intellectuelle. Le non-respect de cette interdiction constitue une contrefa\u00e7on pouvant engager la responsabilit\u00e9 civile et p\u00e9nale du contrefacteur. En outre, les propri\u00e9taires des contenus copi\u00e9s pourraient intenter une action en justice \u00e0 votre encontre.<\/p>\n<p><b>D\u00c9CLARATION \u00c0 LA CNIL<\/b><\/p>\n<p>Conform\u00e9ment \u00e0 la loi 78-17 du 6 janvier 1978 (modifi\u00e9e par la loi 2004-801 du 6 ao\u00fbt 2004 relative \u00e0 la protection des personnes physiques \u00e0 l\u2019\u00e9gard des traitements de donn\u00e9es \u00e0 caract\u00e8re personnel) relative \u00e0 l\u2019informatique, aux fichiers et aux libert\u00e9s, ce site n\u2019a pas fait l\u2019objet d\u2019une d\u00e9claration aupr\u00e8s de la Commission nationale de l\u2019informatique et des libert\u00e9s (www.cnil.fr).\u00a0<\/p>\n<p><b>LITIGES<\/b><\/p>\n<p>Les pr\u00e9sentes conditions du site <a href=\"https:\/\/etge-climatisation.fr\">https:\/\/etge-climatisation.fr<\/a> sont r\u00e9gies par les lois fran\u00e7aises et toute contestation ou litiges qui pourraient na\u00eetre de l\u2019interpr\u00e9tation ou de l\u2019ex\u00e9cution de celles-ci seront de la comp\u00e9tence exclusive des tribunaux dont d\u00e9pend le si\u00e8ge social de la soci\u00e9t\u00e9. La langue de r\u00e9f\u00e9rence, pour le r\u00e8glement de contentieux \u00e9ventuels, est le fran\u00e7ais.\u00a0<\/p>\n<\/div>\n<\/div>\n<\/div>\n<\/div>\n<\/div>\n<\/section>\n<\/div>\n<!-- wp:heading --><!-- \/wp:paragraph -->\t\t\t\t\t\t<\/div>\n\t\t\t\t<\/div>\n\t\t\t\t\t<\/div>\n\t\t<\/div>\n\t\t\t\t\t\t\t<\/div>\n\t\t<\/section>\n\t\t\t\t\t\t\t<\/div>\n\t\t","protected":false},"excerpt":{"rendered":"<p>DONN\u00c9ES PERSONNELLES COLLECT\u00c9ES Deux types de donn\u00e9es \u00e0 caract\u00e8re personnel sont collect\u00e9s sur le site https:\/\/etge-climatisation.fr \u2013 Donn\u00e9es saisies et envoy\u00e9es via les formulaires. \u2013 Donn\u00e9es collect\u00e9es par l\u2019outil de mesure d\u2019audience Google Analytics. De mani\u00e8re g\u00e9n\u00e9rale, vous n\u2019\u00eates pas tenu de nous communiquer vos donn\u00e9es personnelles lorsque vous visitez notre site Internet https:\/\/etge-climatisation.fr . [&hellip;]<\/p>\n","protected":false},"author":2,"featured_media":0,"parent":0,"menu_order":0,"comment_status":"closed","ping_status":"closed","template":"","meta":{"footnotes":""},"class_list":["post-75","page","type-page","status-publish","hentry"],"_links":{"self":[{"href":"https:\/\/btssio2023.edta-sornas.com\/Wordpress\/Jordy\/wp-json\/wp\/v2\/pages\/75","targetHints":{"allow":["GET"]}}],"collection":[{"href":"https:\/\/btssio2023.edta-sornas.com\/Wordpress\/Jordy\/wp-json\/wp\/v2\/pages"}],"about":[{"href":"https:\/\/btssio2023.edta-sornas.com\/Wordpress\/Jordy\/wp-json\/wp\/v2\/types\/page"}],"author":[{"embeddable":true,"href":"https:\/\/btssio2023.edta-sornas.com\/Wordpress\/Jordy\/wp-json\/wp\/v2\/users\/2"}],"replies":[{"embeddable":true,"href":"https:\/\/btssio2023.edta-sornas.com\/Wordpress\/Jordy\/wp-json\/wp\/v2\/comments?post=75"}],"version-history":[{"count":4,"href":"https:\/\/btssio2023.edta-sornas.com\/Wordpress\/Jordy\/wp-json\/wp\/v2\/pages\/75\/revisions"}],"predecessor-version":[{"id":535,"href":"https:\/\/btssio2023.edta-sornas.com\/Wordpress\/Jordy\/wp-json\/wp\/v2\/pages\/75\/revisions\/535"}],"wp:attachment":[{"href":"https:\/\/btssio2023.edta-sornas.com\/Wordpress\/Jordy\/wp-json\/wp\/v2\/media?parent=75"}],"curies":[{"name":"wp","href":"https:\/\/api.w.org\/{rel}","templated":true}]}}