{"id":35,"date":"2022-10-14T10:10:41","date_gmt":"2022-10-14T08:10:41","guid":{"rendered":"https:\/\/btssio2023.edta-sornas.com\/Wordpress\/Morgan\/?page_id=35"},"modified":"2022-12-18T22:34:08","modified_gmt":"2022-12-18T21:34:08","slug":"contact","status":"publish","type":"page","link":"https:\/\/btssio2023.edta-sornas.com\/Wordpress\/Morgan\/contact\/","title":{"rendered":"Contact"},"content":{"rendered":"\t\t<div data-elementor-type=\"wp-page\" data-elementor-id=\"35\" class=\"elementor elementor-35\">\n\t\t\t\t\t\t<section class=\"elementor-section elementor-top-section elementor-element elementor-element-5b312a4 elementor-section-full_width elementor-section-height-default elementor-section-height-default\" data-id=\"5b312a4\" data-element_type=\"section\" data-e-type=\"section\">\n\t\t\t\t\t\t<div class=\"elementor-container elementor-column-gap-default\">\n\t\t\t\t\t<div class=\"elementor-column elementor-col-100 elementor-top-column elementor-element elementor-element-b1e417b\" data-id=\"b1e417b\" data-element_type=\"column\" data-e-type=\"column\" data-settings=\"{&quot;background_background&quot;:&quot;classic&quot;}\">\n\t\t\t<div class=\"elementor-widget-wrap elementor-element-populated\">\n\t\t\t\t\t\t<div class=\"elementor-element elementor-element-0be82c7 elementor-widget elementor-widget-heading\" data-id=\"0be82c7\" data-element_type=\"widget\" data-e-type=\"widget\" data-widget_type=\"heading.default\">\n\t\t\t\t<div class=\"elementor-widget-container\">\n\t\t\t\t\t<h1 class=\"elementor-heading-title elementor-size-default\">Contactez ETGE experts de la climatisation et pompe \u00e0 chaleur<\/h1>\t\t\t\t<\/div>\n\t\t\t\t<\/div>\n\t\t\t\t<section class=\"elementor-section elementor-inner-section elementor-element elementor-element-f63d44c elementor-section-boxed elementor-section-height-default elementor-section-height-default\" data-id=\"f63d44c\" data-element_type=\"section\" data-e-type=\"section\">\n\t\t\t\t\t\t<div class=\"elementor-container elementor-column-gap-default\">\n\t\t\t\t\t<div class=\"elementor-column elementor-col-50 elementor-inner-column elementor-element elementor-element-d1c5857\" data-id=\"d1c5857\" data-element_type=\"column\" data-e-type=\"column\">\n\t\t\t<div class=\"elementor-widget-wrap elementor-element-populated\">\n\t\t\t\t\t\t<div class=\"elementor-element elementor-element-0ba91d7 elementor-widget elementor-widget-text-editor\" data-id=\"0ba91d7\" data-element_type=\"widget\" data-e-type=\"widget\" data-widget_type=\"text-editor.default\">\n\t\t\t\t<div class=\"elementor-widget-container\">\n\t\t\t\t\t\t\t\t\t<p><strong><br><\/strong><\/p><p><strong><br><\/strong><\/p><p><strong><br><\/strong><\/p><p><strong><br><\/strong><\/p><p><strong><br><\/strong><\/p><p><strong><br><\/strong><\/p><p><strong><br><\/strong><\/p><p><strong><br><\/strong><\/p><p><strong>Besoin de renseignements ? Notre \u00e9quipe vous r\u00e9pond dans les plus brefs d\u00e9lais<\/strong><\/p>\n<p><\/p>\n<p>Num\u00e9ro de t\u00e9l\u00e9phone : 01 46 64 32 85<\/p>\n<p>Adresse : ETGE, 30 Av. Dumotel, 94230 Cachan<\/p>\n<p>Horaires : Ouvert du Lundi au Vendredi de 7h \u00e0 20h<\/p>\t\t\t\t\t\t\t\t<\/div>\n\t\t\t\t<\/div>\n\t\t\t\t\t<\/div>\n\t\t<\/div>\n\t\t\t\t<div class=\"elementor-column elementor-col-50 elementor-inner-column elementor-element elementor-element-a425d69\" data-id=\"a425d69\" data-element_type=\"column\" data-e-type=\"column\">\n\t\t\t<div class=\"elementor-widget-wrap elementor-element-populated\">\n\t\t\t\t\t\t<section class=\"elementor-section elementor-inner-section elementor-element elementor-element-8b0cb4d elementor-section-boxed elementor-section-height-default elementor-section-height-default\" data-id=\"8b0cb4d\" data-element_type=\"section\" data-e-type=\"section\">\n\t\t\t\t\t\t<div class=\"elementor-container elementor-column-gap-default\">\n\t\t\t\t\t<div class=\"elementor-column elementor-col-100 elementor-inner-column elementor-element elementor-element-c139584\" data-id=\"c139584\" data-element_type=\"column\" data-e-type=\"column\">\n\t\t\t<div class=\"elementor-widget-wrap elementor-element-populated\">\n\t\t\t\t\t\t<div class=\"elementor-element elementor-element-e3bc695 elementor-button-align-stretch elementor-widget elementor-widget-form\" data-id=\"e3bc695\" data-element_type=\"widget\" data-e-type=\"widget\" data-settings=\"{&quot;step_next_label&quot;:&quot;Suivant&quot;,&quot;step_previous_label&quot;:&quot;Pr\\u00e9c\\u00e9dent&quot;,&quot;button_width&quot;:&quot;100&quot;,&quot;step_type&quot;:&quot;number_text&quot;,&quot;step_icon_shape&quot;:&quot;circle&quot;}\" data-widget_type=\"form.default\">\n\t\t\t\t<div class=\"elementor-widget-container\">\n\t\t\t\t\t\t\t<form class=\"elementor-form\" method=\"post\" name=\"Nouveau formulaire\">\n\t\t\t<input type=\"hidden\" name=\"post_id\" value=\"35\"\/>\n\t\t\t<input type=\"hidden\" name=\"form_id\" value=\"e3bc695\"\/>\n\t\t\t<input type=\"hidden\" name=\"referer_title\" value=\"\" \/>\n\n\t\t\t\n\t\t\t<div class=\"elementor-form-fields-wrapper elementor-labels-above\">\n\t\t\t\t\t\t\t\t<div class=\"elementor-field-type-text elementor-field-group elementor-column elementor-field-group-name elementor-col-100\">\n\t\t\t\t\t\t\t\t\t\t\t\t<label for=\"form-field-name\" class=\"elementor-field-label\">\n\t\t\t\t\t\t\t\tVotre nom et pr\u00e9nom*\t\t\t\t\t\t\t<\/label>\n\t\t\t\t\t\t\t\t\t\t\t\t\t\t<input size=\"1\" type=\"text\" name=\"form_fields[name]\" id=\"form-field-name\" class=\"elementor-field elementor-size-md  elementor-field-textual\" placeholder=\"Nom et pr\u00e9nom\">\n\t\t\t\t\t\t\t\t\t\t\t<\/div>\n\t\t\t\t\t\t\t\t<div class=\"elementor-field-type-number elementor-field-group elementor-column elementor-field-group-email elementor-col-100 elementor-field-required\">\n\t\t\t\t\t\t\t\t\t\t\t\t<label for=\"form-field-email\" class=\"elementor-field-label\">\n\t\t\t\t\t\t\t\tVotre num\u00e9ro de t\u00e9l\u00e9phone*\t\t\t\t\t\t\t<\/label>\n\t\t\t\t\t\t\t\t\t<input type=\"number\" name=\"form_fields[email]\" id=\"form-field-email\" class=\"elementor-field elementor-size-md  elementor-field-textual\" placeholder=\" Num\u00e9ro de t\u00e9l\u00e9phone\" required=\"required\" aria-required=\"true\" min=\"\" max=\"\" >\n\t\t\t\t\t\t<\/div>\n\t\t\t\t\t\t\t\t<div class=\"elementor-field-type-email elementor-field-group elementor-column elementor-field-group-field_b05ee4d elementor-col-100\">\n\t\t\t\t\t\t\t\t\t\t\t\t<label for=\"form-field-field_b05ee4d\" class=\"elementor-field-label\">\n\t\t\t\t\t\t\t\tAdresse e-mail*\t\t\t\t\t\t\t<\/label>\n\t\t\t\t\t\t\t\t\t\t\t\t\t\t<input size=\"1\" type=\"email\" name=\"form_fields[field_b05ee4d]\" id=\"form-field-field_b05ee4d\" class=\"elementor-field elementor-size-md  elementor-field-textual\" placeholder=\"Adresse e-mail\">\n\t\t\t\t\t\t\t\t\t\t\t<\/div>\n\t\t\t\t\t\t\t\t<div class=\"elementor-field-type-text elementor-field-group elementor-column elementor-field-group-field_f2d9885 elementor-col-100\">\n\t\t\t\t\t\t\t\t\t\t\t\t<label for=\"form-field-field_f2d9885\" class=\"elementor-field-label\">\n\t\t\t\t\t\t\t\tNom de votre soci\u00e9t\u00e9\t\t\t\t\t\t\t<\/label>\n\t\t\t\t\t\t\t\t\t\t\t\t\t\t<input size=\"1\" type=\"text\" name=\"form_fields[field_f2d9885]\" id=\"form-field-field_f2d9885\" class=\"elementor-field elementor-size-md  elementor-field-textual\" placeholder=\"Nom de votre soci\u00e9t\u00e9\">\n\t\t\t\t\t\t\t\t\t\t\t<\/div>\n\t\t\t\t\t\t\t\t<div class=\"elementor-field-type-text elementor-field-group elementor-column elementor-field-group-field_7b0bff3 elementor-col-100\">\n\t\t\t\t\t\t\t\t\t\t\t\t<label for=\"form-field-field_7b0bff3\" class=\"elementor-field-label\">\n\t\t\t\t\t\t\t\tVotre adresse*\t\t\t\t\t\t\t<\/label>\n\t\t\t\t\t\t\t\t\t\t\t\t\t\t<input size=\"1\" type=\"text\" name=\"form_fields[field_7b0bff3]\" id=\"form-field-field_7b0bff3\" class=\"elementor-field elementor-size-md  elementor-field-textual\" placeholder=\"Adresse postale\">\n\t\t\t\t\t\t\t\t\t\t\t<\/div>\n\t\t\t\t\t\t\t\t<div class=\"elementor-field-type-text elementor-field-group elementor-column elementor-field-group-field_31c4ab6 elementor-col-100\">\n\t\t\t\t\t\t\t\t\t\t\t\t<label for=\"form-field-field_31c4ab6\" class=\"elementor-field-label\">\n\t\t\t\t\t\t\t\tSuperficie du chantier\t\t\t\t\t\t\t<\/label>\n\t\t\t\t\t\t\t\t\t\t\t\t\t\t<input size=\"1\" type=\"text\" name=\"form_fields[field_31c4ab6]\" id=\"form-field-field_31c4ab6\" class=\"elementor-field elementor-size-md  elementor-field-textual\" placeholder=\"Si vous la connaissez\">\n\t\t\t\t\t\t\t\t\t\t\t<\/div>\n\t\t\t\t\t\t\t\t<div class=\"elementor-field-type-text elementor-field-group elementor-column elementor-field-group-field_0e92f48 elementor-col-100\">\n\t\t\t\t\t\t\t\t\t\t\t\t<label for=\"form-field-field_0e92f48\" class=\"elementor-field-label\">\n\t\t\t\t\t\t\t\t Temp\u00e9rature souhait\u00e9e ?\t\t\t\t\t\t\t<\/label>\n\t\t\t\t\t\t\t\t\t\t\t\t\t\t<input size=\"1\" type=\"text\" name=\"form_fields[field_0e92f48]\" id=\"form-field-field_0e92f48\" class=\"elementor-field elementor-size-md  elementor-field-textual\">\n\t\t\t\t\t\t\t\t\t\t\t<\/div>\n\t\t\t\t\t\t\t\t<div class=\"elementor-field-type-textarea elementor-field-group elementor-column elementor-field-group-message elementor-col-100\">\n\t\t\t\t\t\t\t\t\t\t\t\t<label for=\"form-field-message\" class=\"elementor-field-label\">\n\t\t\t\t\t\t\t\tD\u00e9tails utiles :\t\t\t\t\t\t\t<\/label>\n\t\t\t\t\t\t<textarea class=\"elementor-field-textual elementor-field  elementor-size-md\" name=\"form_fields[message]\" id=\"form-field-message\" rows=\"4\"><\/textarea>\t\t\t\t<\/div>\n\t\t\t\t\t\t\t\t<div class=\"elementor-field-group elementor-column elementor-field-type-submit elementor-col-100 e-form__buttons\">\n\t\t\t\t\t<button type=\"submit\" class=\"elementor-button elementor-size-lg\">\n\t\t\t\t\t\t<span >\n\t\t\t\t\t\t\t\t\t\t\t\t\t\t\t<span class=\" elementor-button-icon\">\n\t\t\t\t\t\t\t\t\t\t\t\t\t\t\t\t\t\t\t\t\t\t\t\t\t\t<\/span>\n\t\t\t\t\t\t\t\t\t\t\t\t\t\t\t\t\t\t\t\t\t\t<span class=\"elementor-button-text\">Envoyer - Envoyer sous 48H<\/span>\n\t\t\t\t\t\t\t\t\t\t\t\t\t<\/span>\n\t\t\t\t\t<\/button>\n\t\t\t\t<\/div>\n\t\t\t<\/div>\n\t\t<\/form>\n\t\t\t\t\t\t<\/div>\n\t\t\t\t<\/div>\n\t\t\t\t\t<\/div>\n\t\t<\/div>\n\t\t\t\t\t<\/div>\n\t\t<\/section>\n\t\t\t\t\t<\/div>\n\t\t<\/div>\n\t\t\t\t\t<\/div>\n\t\t<\/section>\n\t\t\t\t<section class=\"elementor-section elementor-inner-section elementor-element elementor-element-83735fc elementor-section-boxed elementor-section-height-default elementor-section-height-default\" data-id=\"83735fc\" data-element_type=\"section\" data-e-type=\"section\">\n\t\t\t\t\t\t<div class=\"elementor-container elementor-column-gap-default\">\n\t\t\t\t\t<div class=\"elementor-column elementor-col-100 elementor-inner-column elementor-element elementor-element-e67eb86\" data-id=\"e67eb86\" data-element_type=\"column\" data-e-type=\"column\">\n\t\t\t<div class=\"elementor-widget-wrap elementor-element-populated\">\n\t\t\t\t\t\t<section class=\"elementor-section elementor-inner-section elementor-element elementor-element-3bf3bad elementor-section-boxed elementor-section-height-default elementor-section-height-default\" data-id=\"3bf3bad\" data-element_type=\"section\" data-e-type=\"section\">\n\t\t\t\t\t\t<div class=\"elementor-container elementor-column-gap-default\">\n\t\t\t\t\t<div class=\"elementor-column elementor-col-33 elementor-inner-column elementor-element elementor-element-fe092cc\" data-id=\"fe092cc\" data-element_type=\"column\" data-e-type=\"column\">\n\t\t\t<div class=\"elementor-widget-wrap elementor-element-populated\">\n\t\t\t\t\t\t<div class=\"elementor-element elementor-element-3a02bbf elementor-widget elementor-widget-image\" data-id=\"3a02bbf\" data-element_type=\"widget\" data-e-type=\"widget\" data-widget_type=\"image.default\">\n\t\t\t\t<div class=\"elementor-widget-container\">\n\t\t\t\t\t\t\t\t\t\t\t\t\t\t\t<img decoding=\"async\" width=\"92\" height=\"110\" src=\"https:\/\/btssio2023.edta-sornas.com\/Wordpress\/Morgan\/wp-content\/uploads\/2022\/10\/image-3-1.png\" class=\"attachment-medium size-medium wp-image-60\" alt=\"\" \/>\t\t\t\t\t\t\t\t\t\t\t\t\t\t\t<\/div>\n\t\t\t\t<\/div>\n\t\t\t\t\t<\/div>\n\t\t<\/div>\n\t\t\t\t<div class=\"elementor-column elementor-col-33 elementor-inner-column elementor-element elementor-element-e312904\" data-id=\"e312904\" data-element_type=\"column\" data-e-type=\"column\">\n\t\t\t<div class=\"elementor-widget-wrap elementor-element-populated\">\n\t\t\t\t\t\t<div class=\"elementor-element elementor-element-57c4bf1 elementor-widget elementor-widget-image\" data-id=\"57c4bf1\" data-element_type=\"widget\" data-e-type=\"widget\" data-widget_type=\"image.default\">\n\t\t\t\t<div class=\"elementor-widget-container\">\n\t\t\t\t\t\t\t\t\t\t\t\t\t\t\t<img decoding=\"async\" width=\"218\" height=\"110\" src=\"https:\/\/btssio2023.edta-sornas.com\/Wordpress\/Morgan\/wp-content\/uploads\/2022\/10\/image-5-1.png\" class=\"attachment-medium size-medium wp-image-62\" alt=\"\" \/>\t\t\t\t\t\t\t\t\t\t\t\t\t\t\t<\/div>\n\t\t\t\t<\/div>\n\t\t\t\t\t<\/div>\n\t\t<\/div>\n\t\t\t\t<div class=\"elementor-column elementor-col-33 elementor-inner-column elementor-element elementor-element-ca09f4f\" data-id=\"ca09f4f\" data-element_type=\"column\" data-e-type=\"column\">\n\t\t\t<div class=\"elementor-widget-wrap elementor-element-populated\">\n\t\t\t\t\t\t<div class=\"elementor-element elementor-element-2ceecf6 elementor-widget elementor-widget-image\" data-id=\"2ceecf6\" data-element_type=\"widget\" data-e-type=\"widget\" data-widget_type=\"image.default\">\n\t\t\t\t<div class=\"elementor-widget-container\">\n\t\t\t\t\t\t\t\t\t\t\t\t\t\t\t<img decoding=\"async\" width=\"258\" height=\"110\" src=\"https:\/\/btssio2023.edta-sornas.com\/Wordpress\/Morgan\/wp-content\/uploads\/2022\/10\/image-4-1.png\" class=\"attachment-medium size-medium wp-image-61\" alt=\"\" \/>\t\t\t\t\t\t\t\t\t\t\t\t\t\t\t<\/div>\n\t\t\t\t<\/div>\n\t\t\t\t\t<\/div>\n\t\t<\/div>\n\t\t\t\t\t<\/div>\n\t\t<\/section>\n\t\t\t\t\t<\/div>\n\t\t<\/div>\n\t\t\t\t\t<\/div>\n\t\t<\/section>\n\t\t\t\t\t<\/div>\n\t\t<\/div>\n\t\t\t\t\t<\/div>\n\t\t<\/section>\n\t\t\t\t<section class=\"elementor-section elementor-top-section elementor-element elementor-element-a0389d8 elementor-section-boxed elementor-section-height-default elementor-section-height-default\" data-id=\"a0389d8\" data-element_type=\"section\" data-e-type=\"section\">\n\t\t\t\t\t\t<div class=\"elementor-container elementor-column-gap-default\">\n\t\t\t\t\t<div class=\"elementor-column elementor-col-100 elementor-top-column elementor-element elementor-element-2151519\" data-id=\"2151519\" data-element_type=\"column\" data-e-type=\"column\">\n\t\t\t<div class=\"elementor-widget-wrap elementor-element-populated\">\n\t\t\t\t\t\t<section class=\"elementor-section elementor-inner-section elementor-element elementor-element-620997c elementor-section-boxed elementor-section-height-default elementor-section-height-default\" data-id=\"620997c\" data-element_type=\"section\" data-e-type=\"section\">\n\t\t\t\t\t\t<div class=\"elementor-container elementor-column-gap-default\">\n\t\t\t\t\t<div class=\"elementor-column elementor-col-100 elementor-inner-column elementor-element elementor-element-daec6d3\" data-id=\"daec6d3\" data-element_type=\"column\" data-e-type=\"column\">\n\t\t\t<div class=\"elementor-widget-wrap elementor-element-populated\">\n\t\t\t\t\t\t<div class=\"elementor-element elementor-element-d689d6d elementor-widget elementor-widget-heading\" data-id=\"d689d6d\" data-element_type=\"widget\" data-e-type=\"widget\" data-widget_type=\"heading.default\">\n\t\t\t\t<div class=\"elementor-widget-container\">\n\t\t\t\t\t<h1 class=\"elementor-heading-title elementor-size-default\">Nos clients t\u00e9moignent de notre expertise<\/h1>\t\t\t\t<\/div>\n\t\t\t\t<\/div>\n\t\t\t\t\t<\/div>\n\t\t<\/div>\n\t\t\t\t\t<\/div>\n\t\t<\/section>\n\t\t\t\t<div class=\"elementor-element elementor-element-d7ec47b elementor-widget elementor-widget-image\" data-id=\"d7ec47b\" data-element_type=\"widget\" data-e-type=\"widget\" data-widget_type=\"image.default\">\n\t\t\t\t<div class=\"elementor-widget-container\">\n\t\t\t\t\t\t\t\t\t\t\t\t\t\t\t<img loading=\"lazy\" decoding=\"async\" width=\"800\" height=\"201\" src=\"https:\/\/btssio2023.edta-sornas.com\/Wordpress\/Morgan\/wp-content\/uploads\/2022\/11\/Capture-decran-2022-07-10-a-17.34.25-e1657467398533-1024x257-1.png\" class=\"attachment-large size-large wp-image-261\" alt=\"\" srcset=\"https:\/\/btssio2023.edta-sornas.com\/Wordpress\/Morgan\/wp-content\/uploads\/2022\/11\/Capture-decran-2022-07-10-a-17.34.25-e1657467398533-1024x257-1.png 1024w, https:\/\/btssio2023.edta-sornas.com\/Wordpress\/Morgan\/wp-content\/uploads\/2022\/11\/Capture-decran-2022-07-10-a-17.34.25-e1657467398533-1024x257-1-300x75.png 300w, https:\/\/btssio2023.edta-sornas.com\/Wordpress\/Morgan\/wp-content\/uploads\/2022\/11\/Capture-decran-2022-07-10-a-17.34.25-e1657467398533-1024x257-1-768x193.png 768w\" sizes=\"(max-width: 800px) 100vw, 800px\" \/>\t\t\t\t\t\t\t\t\t\t\t\t\t\t\t<\/div>\n\t\t\t\t<\/div>\n\t\t\t\t<section class=\"elementor-section elementor-inner-section elementor-element elementor-element-0a15281 elementor-section-boxed elementor-section-height-default elementor-section-height-default\" data-id=\"0a15281\" data-element_type=\"section\" data-e-type=\"section\">\n\t\t\t\t\t\t<div class=\"elementor-container elementor-column-gap-default\">\n\t\t\t\t\t<div class=\"elementor-column elementor-col-50 elementor-inner-column elementor-element elementor-element-df63700\" data-id=\"df63700\" data-element_type=\"column\" data-e-type=\"column\">\n\t\t\t<div class=\"elementor-widget-wrap elementor-element-populated\">\n\t\t\t\t\t\t<div class=\"elementor-element elementor-element-284233f elementor-widget elementor-widget-image\" data-id=\"284233f\" data-element_type=\"widget\" data-e-type=\"widget\" data-widget_type=\"image.default\">\n\t\t\t\t<div class=\"elementor-widget-container\">\n\t\t\t\t\t\t\t\t\t\t\t\t\t\t\t<img loading=\"lazy\" decoding=\"async\" width=\"800\" height=\"200\" src=\"https:\/\/btssio2023.edta-sornas.com\/Wordpress\/Morgan\/wp-content\/uploads\/2022\/11\/Capture-decran-2022-07-08-a-20.27.10-1024x256-1.png\" class=\"attachment-large size-large wp-image-262\" alt=\"\" srcset=\"https:\/\/btssio2023.edta-sornas.com\/Wordpress\/Morgan\/wp-content\/uploads\/2022\/11\/Capture-decran-2022-07-08-a-20.27.10-1024x256-1.png 1024w, https:\/\/btssio2023.edta-sornas.com\/Wordpress\/Morgan\/wp-content\/uploads\/2022\/11\/Capture-decran-2022-07-08-a-20.27.10-1024x256-1-300x75.png 300w, https:\/\/btssio2023.edta-sornas.com\/Wordpress\/Morgan\/wp-content\/uploads\/2022\/11\/Capture-decran-2022-07-08-a-20.27.10-1024x256-1-768x192.png 768w\" sizes=\"(max-width: 800px) 100vw, 800px\" \/>\t\t\t\t\t\t\t\t\t\t\t\t\t\t\t<\/div>\n\t\t\t\t<\/div>\n\t\t\t\t\t<\/div>\n\t\t<\/div>\n\t\t\t\t<div class=\"elementor-column elementor-col-50 elementor-inner-column elementor-element elementor-element-5fbb975\" data-id=\"5fbb975\" data-element_type=\"column\" data-e-type=\"column\">\n\t\t\t<div class=\"elementor-widget-wrap elementor-element-populated\">\n\t\t\t\t\t\t<div class=\"elementor-element elementor-element-859b53e elementor-widget elementor-widget-image\" data-id=\"859b53e\" data-element_type=\"widget\" data-e-type=\"widget\" data-widget_type=\"image.default\">\n\t\t\t\t<div class=\"elementor-widget-container\">\n\t\t\t\t\t\t\t\t\t\t\t\t\t\t\t<img loading=\"lazy\" decoding=\"async\" width=\"800\" height=\"235\" src=\"https:\/\/btssio2023.edta-sornas.com\/Wordpress\/Morgan\/wp-content\/uploads\/2022\/11\/Capture-decran-2022-07-08-a-20.26.47-1024x301-1.png\" class=\"attachment-large size-large wp-image-264\" alt=\"\" srcset=\"https:\/\/btssio2023.edta-sornas.com\/Wordpress\/Morgan\/wp-content\/uploads\/2022\/11\/Capture-decran-2022-07-08-a-20.26.47-1024x301-1.png 1024w, https:\/\/btssio2023.edta-sornas.com\/Wordpress\/Morgan\/wp-content\/uploads\/2022\/11\/Capture-decran-2022-07-08-a-20.26.47-1024x301-1-300x88.png 300w, https:\/\/btssio2023.edta-sornas.com\/Wordpress\/Morgan\/wp-content\/uploads\/2022\/11\/Capture-decran-2022-07-08-a-20.26.47-1024x301-1-768x226.png 768w\" sizes=\"(max-width: 800px) 100vw, 800px\" \/>\t\t\t\t\t\t\t\t\t\t\t\t\t\t\t<\/div>\n\t\t\t\t<\/div>\n\t\t\t\t\t<\/div>\n\t\t<\/div>\n\t\t\t\t\t<\/div>\n\t\t<\/section>\n\t\t\t\t<section class=\"elementor-section elementor-inner-section elementor-element elementor-element-7679c15 elementor-section-boxed elementor-section-height-default elementor-section-height-default\" data-id=\"7679c15\" data-element_type=\"section\" data-e-type=\"section\">\n\t\t\t\t\t\t<div class=\"elementor-container elementor-column-gap-default\">\n\t\t\t\t\t<div class=\"elementor-column elementor-col-50 elementor-inner-column elementor-element elementor-element-61d1632\" data-id=\"61d1632\" data-element_type=\"column\" data-e-type=\"column\">\n\t\t\t<div class=\"elementor-widget-wrap elementor-element-populated\">\n\t\t\t\t\t\t<div class=\"elementor-element elementor-element-b779894 elementor-widget elementor-widget-image\" data-id=\"b779894\" data-element_type=\"widget\" data-e-type=\"widget\" data-widget_type=\"image.default\">\n\t\t\t\t<div class=\"elementor-widget-container\">\n\t\t\t\t\t\t\t\t\t\t\t\t\t\t\t<img loading=\"lazy\" decoding=\"async\" width=\"800\" height=\"180\" src=\"https:\/\/btssio2023.edta-sornas.com\/Wordpress\/Morgan\/wp-content\/uploads\/2022\/11\/Capture-decran-2022-07-08-a-20.26.59-1024x230-1.png\" class=\"attachment-large size-large wp-image-263\" alt=\"\" srcset=\"https:\/\/btssio2023.edta-sornas.com\/Wordpress\/Morgan\/wp-content\/uploads\/2022\/11\/Capture-decran-2022-07-08-a-20.26.59-1024x230-1.png 1024w, https:\/\/btssio2023.edta-sornas.com\/Wordpress\/Morgan\/wp-content\/uploads\/2022\/11\/Capture-decran-2022-07-08-a-20.26.59-1024x230-1-300x67.png 300w, https:\/\/btssio2023.edta-sornas.com\/Wordpress\/Morgan\/wp-content\/uploads\/2022\/11\/Capture-decran-2022-07-08-a-20.26.59-1024x230-1-768x173.png 768w\" sizes=\"(max-width: 800px) 100vw, 800px\" \/>\t\t\t\t\t\t\t\t\t\t\t\t\t\t\t<\/div>\n\t\t\t\t<\/div>\n\t\t\t\t\t<\/div>\n\t\t<\/div>\n\t\t\t\t<div class=\"elementor-column elementor-col-50 elementor-inner-column elementor-element elementor-element-053e9fa\" data-id=\"053e9fa\" data-element_type=\"column\" data-e-type=\"column\">\n\t\t\t<div class=\"elementor-widget-wrap elementor-element-populated\">\n\t\t\t\t\t\t<div class=\"elementor-element elementor-element-03d1d36 elementor-widget elementor-widget-image\" data-id=\"03d1d36\" data-element_type=\"widget\" data-e-type=\"widget\" data-widget_type=\"image.default\">\n\t\t\t\t<div class=\"elementor-widget-container\">\n\t\t\t\t\t\t\t\t\t\t\t\t\t\t\t<img loading=\"lazy\" decoding=\"async\" width=\"800\" height=\"366\" src=\"https:\/\/btssio2023.edta-sornas.com\/Wordpress\/Morgan\/wp-content\/uploads\/2022\/11\/Capture-decran-2022-09-24-a-16.17.53-1024x469-1.png\" class=\"attachment-large size-large wp-image-265\" alt=\"\" srcset=\"https:\/\/btssio2023.edta-sornas.com\/Wordpress\/Morgan\/wp-content\/uploads\/2022\/11\/Capture-decran-2022-09-24-a-16.17.53-1024x469-1.png 1024w, https:\/\/btssio2023.edta-sornas.com\/Wordpress\/Morgan\/wp-content\/uploads\/2022\/11\/Capture-decran-2022-09-24-a-16.17.53-1024x469-1-300x137.png 300w, https:\/\/btssio2023.edta-sornas.com\/Wordpress\/Morgan\/wp-content\/uploads\/2022\/11\/Capture-decran-2022-09-24-a-16.17.53-1024x469-1-768x352.png 768w\" sizes=\"(max-width: 800px) 100vw, 800px\" \/>\t\t\t\t\t\t\t\t\t\t\t\t\t\t\t<\/div>\n\t\t\t\t<\/div>\n\t\t\t\t\t<\/div>\n\t\t<\/div>\n\t\t\t\t\t<\/div>\n\t\t<\/section>\n\t\t\t\t\t<\/div>\n\t\t<\/div>\n\t\t\t\t\t<\/div>\n\t\t<\/section>\n\t\t\t\t<\/div>\n\t\t","protected":false},"excerpt":{"rendered":"<p>Contactez ETGE experts de la climatisation et pompe \u00e0 chaleur Besoin de renseignements ? Notre \u00e9quipe vous r\u00e9pond dans les plus brefs d\u00e9lais Num\u00e9ro de t\u00e9l\u00e9phone : 01 46 64 32 85 Adresse : ETGE, 30 Av. Dumotel, 94230 Cachan Horaires : Ouvert du Lundi au Vendredi de 7h \u00e0 20h Nos clients t\u00e9moignent de [&hellip;]<\/p>\n","protected":false},"author":2,"featured_media":0,"parent":0,"menu_order":0,"comment_status":"closed","ping_status":"closed","template":"","meta":{"footnotes":""},"class_list":["post-35","page","type-page","status-publish","hentry"],"_links":{"self":[{"href":"https:\/\/btssio2023.edta-sornas.com\/Wordpress\/Morgan\/wp-json\/wp\/v2\/pages\/35","targetHints":{"allow":["GET"]}}],"collection":[{"href":"https:\/\/btssio2023.edta-sornas.com\/Wordpress\/Morgan\/wp-json\/wp\/v2\/pages"}],"about":[{"href":"https:\/\/btssio2023.edta-sornas.com\/Wordpress\/Morgan\/wp-json\/wp\/v2\/types\/page"}],"author":[{"embeddable":true,"href":"https:\/\/btssio2023.edta-sornas.com\/Wordpress\/Morgan\/wp-json\/wp\/v2\/users\/2"}],"replies":[{"embeddable":true,"href":"https:\/\/btssio2023.edta-sornas.com\/Wordpress\/Morgan\/wp-json\/wp\/v2\/comments?post=35"}],"version-history":[{"count":7,"href":"https:\/\/btssio2023.edta-sornas.com\/Wordpress\/Morgan\/wp-json\/wp\/v2\/pages\/35\/revisions"}],"predecessor-version":[{"id":436,"href":"https:\/\/btssio2023.edta-sornas.com\/Wordpress\/Morgan\/wp-json\/wp\/v2\/pages\/35\/revisions\/436"}],"wp:attachment":[{"href":"https:\/\/btssio2023.edta-sornas.com\/Wordpress\/Morgan\/wp-json\/wp\/v2\/media?parent=35"}],"curies":[{"name":"wp","href":"https:\/\/api.w.org\/{rel}","templated":true}]}}